{"id":3,"date":"2019-11-12T16:41:32","date_gmt":"2019-11-12T15:41:32","guid":{"rendered":"https:\/\/www.starke-seite.de\/?page_id=3"},"modified":"2019-11-26T08:32:59","modified_gmt":"2019-11-26T07:32:59","slug":"datenschutzerklaerung","status":"publish","type":"page","link":"https:\/\/www.starke-seite.de\/?page_id=3","title":{"rendered":"Datenschutzerkl\u00e4rung"},"content":{"rendered":"\n<h2>Wer wir sind<\/h2>\n\n\n\n<p>Die Adresse unserer Website ist: https:\/\/www.starke-seite.de.<\/p>\n\n\n\n<h2> <strong>Rechtlicher Hinweis:<\/strong> <\/h2>\n\n\n\n<p><br>Das Landgericht Hamburg hat mit Urteil vom 12.05.1998 sowie das Landgericht Potsdam mit dem Urteil vom 08.07.1999 (3 O 317\/99) entschieden, dass man durch die Ausbringung eines Links (Verbindung zu einer anderen Internet-Seite) die Inhalte der gelinkten Seite ggf. mit zu verantworten hat. Dies kann &#8211; so die Landgerichte &#8211; nur dadurch verhindert werden, dass man sich ausdr\u00fccklich von diesen Seiten distanziert. Ich habe auf meiner Internetseite Links zu anderen Seiten im Internet gelegt. F\u00fcr all diese gelinkten Internetseiten anderer Anbieter m\u00f6chte ich ausdr\u00fccklich betonen, dass ich keinerlei Einflu\u00df auf die Gestaltung und die Inhalte der gelinkten Seiten habe. Deshalb distanziere ich mich hiermit ausdr\u00fccklich von allen Inhalten aller gelinkten Seiten auf der www.starke-seite.de Homepage. Diese Erkl\u00e4rung gilt ausdr\u00fccklich f\u00fcr alle auf der Internetseite ausgebrachten Links.<\/p>\n\n\n\n<ul class=\"wp-block-gallery columns-0 is-cropped\"><\/ul>\n","protected":false},"excerpt":{"rendered":"<p>Wer wir sind Die Adresse unserer Website ist: https:\/\/www.starke-seite.de. Rechtlicher Hinweis: Das Landgericht Hamburg hat mit Urteil vom 12.05.1998 sowie das Landgericht Potsdam mit dem Urteil vom 08.07.1999 (3 O 317\/99) entschieden, dass man durch die Ausbringung eines Links (Verbindung zu einer anderen Internet-Seite) die Inhalte der gelinkten Seite ggf. mit zu verantworten hat. Dies &hellip; <\/p>\n<p class=\"link-more\"><a href=\"https:\/\/www.starke-seite.de\/?page_id=3\" class=\"more-link\"><span class=\"screen-reader-text\">\u201eDatenschutzerkl\u00e4rung\u201c<\/span> weiterlesen<\/a><\/p>\n","protected":false},"author":1,"featured_media":0,"parent":0,"menu_order":0,"comment_status":"closed","ping_status":"closed","template":"","meta":[],"_links":{"self":[{"href":"https:\/\/www.starke-seite.de\/index.php?rest_route=\/wp\/v2\/pages\/3"}],"collection":[{"href":"https:\/\/www.starke-seite.de\/index.php?rest_route=\/wp\/v2\/pages"}],"about":[{"href":"https:\/\/www.starke-seite.de\/index.php?rest_route=\/wp\/v2\/types\/page"}],"author":[{"embeddable":true,"href":"https:\/\/www.starke-seite.de\/index.php?rest_route=\/wp\/v2\/users\/1"}],"replies":[{"embeddable":true,"href":"https:\/\/www.starke-seite.de\/index.php?rest_route=%2Fwp%2Fv2%2Fcomments&post=3"}],"version-history":[{"count":2,"href":"https:\/\/www.starke-seite.de\/index.php?rest_route=\/wp\/v2\/pages\/3\/revisions"}],"predecessor-version":[{"id":130,"href":"https:\/\/www.starke-seite.de\/index.php?rest_route=\/wp\/v2\/pages\/3\/revisions\/130"}],"wp:attachment":[{"href":"https:\/\/www.starke-seite.de\/index.php?rest_route=%2Fwp%2Fv2%2Fmedia&parent=3"}],"curies":[{"name":"wp","href":"https:\/\/api.w.org\/{rel}","templated":true}]}}